{"id":50,"date":"2025-11-14T13:50:07","date_gmt":"2025-11-14T12:50:07","guid":{"rendered":"http:\/\/footballfusion.pl\/?page_id=50"},"modified":"2026-01-08T16:13:11","modified_gmt":"2026-01-08T15:13:11","slug":"strona-glowna","status":"publish","type":"page","link":"https:\/\/footballfusion.pl\/","title":{"rendered":"STRONA G\u0141\u00d3WNA"},"content":{"rendered":"<style>.elementor-50 .elementor-element.elementor-element-30ec750e{--display:flex;}.elementor-widget-text-editor{font-family:var( --e-global-typography-text-font-family ), Sans-serif;font-weight:var( --e-global-typography-text-font-weight );color:var( --e-global-color-text );}.elementor-widget-text-editor.elementor-drop-cap-view-stacked .elementor-drop-cap{background-color:var( --e-global-color-primary );}.elementor-widget-text-editor.elementor-drop-cap-view-framed .elementor-drop-cap, .elementor-widget-text-editor.elementor-drop-cap-view-default .elementor-drop-cap{color:var( --e-global-color-primary );border-color:var( --e-global-color-primary );}<\/style>\t\t<div data-elementor-type=\"wp-page\" data-elementor-id=\"50\" class=\"elementor elementor-50\">\n\t\t\t\t<div class=\"elementor-element elementor-element-30ec750e e-flex e-con-boxed e-con e-parent\" data-id=\"30ec750e\" data-element_type=\"container\">\n\t\t\t\t\t<div class=\"e-con-inner\">\n\t\t\t\t<div class=\"elementor-element elementor-element-8f0684a elementor-widget elementor-widget-text-editor\" data-id=\"8f0684a\" data-element_type=\"widget\" data-widget_type=\"text-editor.default\">\n\t\t\t\t\t\t\t\t\t\n<div class=\"wp-block-group alignfull\" style=\"padding: var(--wp--preset--spacing--50);\"><div class=\"wp-block-group__inner-container is-layout-constrained wp-container-core-group-is-layout-f4d13f5d wp-block-group-is-layout-constrained\">\n<div class=\"wp-block-group\"><div class=\"wp-block-group__inner-container is-layout-constrained wp-container-core-group-is-layout-04692c70 wp-block-group-is-layout-constrained\">\n<h1 class=\"wp-block-heading has-text-align-center has-x-large-font-size\">\u0141\u0105czymy pasj\u0119 do pi\u0142ki z pot\u0119g\u0105 social medi\u00f3w!<\/h1>\n\n<div class=\"wp-block-spacer\" style=\"height: 1.25rem;\" aria-hidden=\"true\">\u00a0<\/div>\n\n<p class=\"has-text-align-center\">W Football Fusion tworzymy historie, kt\u00f3re anga\u017cuj\u0105 kibic\u00f3w i buduj\u0105 silne marki w \u015bwiecie futbolu. Wyjd\u017a poza boisko i zdominuj cyfrowe trybuny.<\/p>\n\n<div class=\"wp-block-spacer\" style=\"height: 1.25rem;\" aria-hidden=\"true\">\u00a0<\/div>\n<\/div><\/div>\n\n<div class=\"wp-block-spacer\" style=\"height: var(--wp--preset--spacing--30);\" aria-hidden=\"true\">\u00a0<\/div>\n\n<figure class=\"wp-block-image alignwide size-full is-style-rounded\"><img fetchpriority=\"high\" decoding=\"async\" width=\"1024\" height=\"1024\" class=\"wp-image-107\" src=\"http:\/\/footballfusion.pl\/wp-content\/uploads\/2026\/01\/Gemini_Generated_Image_asv5gdasv5gdasv5.png\" alt=\"\" srcset=\"https:\/\/footballfusion.pl\/wp-content\/uploads\/2026\/01\/Gemini_Generated_Image_asv5gdasv5gdasv5.png 1024w, https:\/\/footballfusion.pl\/wp-content\/uploads\/2026\/01\/Gemini_Generated_Image_asv5gdasv5gdasv5-300x300.png 300w, https:\/\/footballfusion.pl\/wp-content\/uploads\/2026\/01\/Gemini_Generated_Image_asv5gdasv5gdasv5-150x150.png 150w, https:\/\/footballfusion.pl\/wp-content\/uploads\/2026\/01\/Gemini_Generated_Image_asv5gdasv5gdasv5-768x768.png 768w, https:\/\/footballfusion.pl\/wp-content\/uploads\/2026\/01\/Gemini_Generated_Image_asv5gdasv5gdasv5-510x510.png 510w\" sizes=\"(max-width: 1024px) 100vw, 1024px\" \/><\/figure>\n<\/div>\n\n<div class=\"wp-block-group alignfull\" style=\"margin-top: 0; margin-bottom: 0; padding: var(--wp--preset--spacing--50);\"><div class=\"wp-block-group__inner-container is-layout-constrained wp-container-core-group-is-layout-9cf8f26d wp-block-group-is-layout-constrained\">\n<div class=\"wp-block-group alignwide\"><div class=\"wp-block-group__inner-container is-layout-constrained wp-block-group-is-layout-constrained\">\n<div class=\"wp-block-group is-vertical is-content-justification-center is-layout-flex wp-container-core-group-is-layout-a170cc76 wp-block-group-is-layout-flex\">\n<h2 class=\"wp-block-heading has-text-align-center is-style-asterisk\">Dlaczego my?<\/h2>\n\n<p class=\"has-text-align-center\">Our comprehensive suite of professional services caters to a diverse clientele, ranging from homeowners to commercial developers.<\/p>\n<\/div>\n\n<div class=\"wp-block-spacer\" style=\"height: var(--wp--preset--spacing--40);\" aria-hidden=\"true\">\u00a0<\/div>\n\n<div class=\"wp-block-columns alignwide is-layout-flex wp-container-core-columns-is-layout-b1b80ead wp-block-columns-is-layout-flex\">\n<div class=\"wp-block-column is-vertically-aligned-center is-layout-flow wp-block-column-is-layout-flow\" style=\"flex-basis: 40%;\">\n<h3 class=\"wp-block-heading is-style-asterisk\">Znamy j\u0119zyk szatni:<\/h3>\n<p>Nie jeste\u015bmy zwyk\u0142\u0105 agencj\u0105. Rozumiemy emocje towarzysz\u0105ce derbom, transferom i codziennemu \u017cyciu klubu.<\/p>\n<\/div>\n\n<div class=\"wp-block-column is-layout-flow wp-block-column-is-layout-flow\" style=\"flex-basis: 50%;\">\n<figure class=\"wp-block-image size-large is-style-rounded\"><img decoding=\"async\" src=\"http:\/\/footballfusion.pl\/wp-content\/themes\/twentytwentyfour\/assets\/images\/tourist-and-building.webp\" alt=\"Tourist taking photo of a building\" \/><\/figure>\n<\/div>\n<\/div>\n\n<div class=\"wp-block-spacer\" style=\"height: var(--wp--preset--spacing--40);\" aria-hidden=\"true\">\u00a0<\/div>\n\n<div class=\"wp-block-columns alignwide is-layout-flex wp-container-core-columns-is-layout-b1b80ead wp-block-columns-is-layout-flex\">\n<div class=\"wp-block-column is-layout-flow wp-block-column-is-layout-flow\" style=\"flex-basis: 50%;\">\n<figure class=\"wp-block-image size-large is-style-rounded\"><img decoding=\"async\" src=\"http:\/\/footballfusion.pl\/wp-content\/themes\/twentytwentyfour\/assets\/images\/windows.webp\" alt=\"Windows of a building in Nuremberg, Germany\" \/><\/figure>\n<\/div>\n\n<div class=\"wp-block-column is-vertically-aligned-center is-layout-flow wp-block-column-is-layout-flow\" style=\"flex-basis: 40%;\">\n<h3 class=\"wp-block-heading is-style-asterisk\">\u00c9tudes Newsletter<\/h3>\n\n<ul class=\"wp-block-list is-style-checkmark-list\" style=\"line-height: 1.75;\">\n<li>A world of thought-provoking articles.<\/li>\n\n<li>Case studies that celebrate architecture.<\/li>\n\n<li>Exclusive access to design insights.<\/li>\n<\/ul>\n<\/div>\n<\/div>\n<\/div><\/div>\n<\/div><\/div>\n\n<div class=\"wp-block-group alignfull has-base-color has-contrast-background-color has-text-color has-background\" style=\"margin-top: 0; margin-bottom: 0; padding: var(--wp--preset--spacing--60);\"><div class=\"wp-block-group__inner-container is-layout-constrained wp-container-core-group-is-layout-6b0914bc wp-block-group-is-layout-constrained\">\n<div class=\"wp-block-group\"><div class=\"wp-block-group__inner-container is-layout-constrained wp-block-group-is-layout-constrained\">\n<p class=\"has-text-align-center has-base-color has-text-color has-heading-font-family has-x-large-font-size\" style=\"line-height: 1.2;\"><em>\u201c\u00c9tudes has saved us thousands of hours of work and has unlocked insights we never thought possible.\u201d<\/em><\/p>\n\n<div class=\"wp-block-spacer\" style=\"height: var(--wp--preset--spacing--10);\" aria-hidden=\"true\">\u00a0<\/div>\n\n<div class=\"wp-block-group is-vertical is-content-justification-center is-nowrap is-layout-flex wp-container-core-group-is-layout-a9ff9874 wp-block-group-is-layout-flex\">\n<p class=\"has-text-align-center\" style=\"margin-top: var(--wp--preset--spacing--10); margin-bottom: 0;\">Annie Steiner<\/p>\n\n<p class=\"has-text-align-center has-contrast-3-color has-text-color has-small-font-size\" style=\"font-style: normal; font-weight: 300;\">CEO, Greenprint<\/p>\n<\/div>\n<\/div><\/div>\n<\/div><\/div>\n\n<div class=\"wp-block-group alignfull\" style=\"margin-top: 0; margin-bottom: 0; padding: var(--wp--preset--spacing--50);\"><div class=\"wp-block-group__inner-container is-layout-constrained wp-container-core-group-is-layout-9cf8f26d wp-block-group-is-layout-constrained\">\n<h2 class=\"wp-block-heading alignwide has-x-large-font-size\" style=\"margin-top: 0; margin-bottom: var(--wp--preset--spacing--40); line-height: 1;\">Watch, Read, Listen<\/h2>\n\n<div class=\"wp-block-group alignwide\"><div class=\"wp-block-group__inner-container is-layout-constrained wp-block-group-is-layout-constrained\">\n<div class=\"wp-block-query alignwide is-layout-flow wp-block-query-is-layout-flow\">\n<div class=\"wp-block-spacer\" style=\"height: var(--wp--preset--spacing--30);\" aria-hidden=\"true\">\u00a0<\/div>\n<div class=\"wp-block-query-no-results\">\n<p>No posts were found.<\/p>\n<\/div><\/div>\n<\/div><\/div>\n<\/div><\/div>\n\n<div class=\"wp-block-group alignfull\" style=\"margin-top: 0; margin-bottom: 0; padding: var(--wp--preset--spacing--50);\"><div class=\"wp-block-group__inner-container is-layout-constrained wp-container-core-group-is-layout-9cf8f26d wp-block-group-is-layout-constrained\">\n<div class=\"wp-block-group alignwide has-base-2-background-color has-background\" style=\"border-radius: 16px; padding: var(--wp--preset--spacing--40) var(--wp--preset--spacing--50) var(--wp--preset--spacing--40) var(--wp--preset--spacing--50);\"><div class=\"wp-block-group__inner-container is-layout-constrained wp-container-core-group-is-layout-282d97d7 wp-block-group-is-layout-constrained\">\n<div class=\"wp-block-spacer\" style=\"height: var(--wp--preset--spacing--10);\" aria-hidden=\"true\">\u00a0<\/div>\n\n<h2 class=\"wp-block-heading has-text-align-center has-x-large-font-size\">Join 900+ subscribers<\/h2>\n\n<p class=\"has-text-align-center\">Stay in the loop with everything you need to know.<\/p>\n\n<div class=\"wp-block-buttons is-content-justification-center is-layout-flex wp-container-core-buttons-is-layout-16018d1d wp-block-buttons-is-layout-flex\">\n<div class=\"wp-block-button\"><a class=\"wp-block-button__link wp-element-button\">Sign up<\/a><\/div>\n<\/div>\n\n<div class=\"wp-block-spacer\" style=\"height: var(--wp--preset--spacing--10);\" aria-hidden=\"true\">\u00a0<\/div>\n<\/div><\/div>\n<\/div><\/div>\n\t\t\t\t\t\t\t\t<\/div>\n\t\t\t\t\t<\/div>\n\t\t\t\t<\/div><\/div>\n\t\t\t\t<\/div>\n\t\t","protected":false},"excerpt":{"rendered":"<p>\u0141\u0105czymy pasj\u0119 do pi\u0142ki z pot\u0119g\u0105 social medi\u00f3w! W Football Fusion tworzymy historie, kt\u00f3re anga\u017cuj\u0105 kibic\u00f3w i buduj\u0105 silne marki w \u015bwiecie futbolu. Wyjd\u017a poza boisko i zdominuj cyfrowe trybuny. Dlaczego my? Our comprehensive suite of professional services caters to a diverse clientele, ranging from homeowners to commercial developers. Znamy j\u0119zyk szatni: Nie jeste\u015bmy zwyk\u0142\u0105 [&hellip;]<\/p>\n","protected":false},"author":1,"featured_media":0,"parent":0,"menu_order":0,"comment_status":"closed","ping_status":"closed","template":"","meta":{"om_disable_all_campaigns":false,"_monsterinsights_skip_tracking":false,"_monsterinsights_sitenote_active":false,"_monsterinsights_sitenote_note":"","_monsterinsights_sitenote_category":0,"footnotes":""},"class_list":["post-50","page","type-page","status-publish","czr-hentry"],"aioseo_notices":[],"_links":{"self":[{"href":"https:\/\/footballfusion.pl\/index.php\/wp-json\/wp\/v2\/pages\/50","targetHints":{"allow":["GET"]}}],"collection":[{"href":"https:\/\/footballfusion.pl\/index.php\/wp-json\/wp\/v2\/pages"}],"about":[{"href":"https:\/\/footballfusion.pl\/index.php\/wp-json\/wp\/v2\/types\/page"}],"author":[{"embeddable":true,"href":"https:\/\/footballfusion.pl\/index.php\/wp-json\/wp\/v2\/users\/1"}],"replies":[{"embeddable":true,"href":"https:\/\/footballfusion.pl\/index.php\/wp-json\/wp\/v2\/comments?post=50"}],"version-history":[{"count":10,"href":"https:\/\/footballfusion.pl\/index.php\/wp-json\/wp\/v2\/pages\/50\/revisions"}],"predecessor-version":[{"id":112,"href":"https:\/\/footballfusion.pl\/index.php\/wp-json\/wp\/v2\/pages\/50\/revisions\/112"}],"wp:attachment":[{"href":"https:\/\/footballfusion.pl\/index.php\/wp-json\/wp\/v2\/media?parent=50"}],"curies":[{"name":"wp","href":"https:\/\/api.w.org\/{rel}","templated":true}]}}